{"id":53,"date":"2025-06-14T13:08:38","date_gmt":"2025-06-14T11:08:38","guid":{"rendered":"http:\/\/gregocopeaux.fr\/index.php\/contact\/"},"modified":"2026-02-07T19:31:09","modified_gmt":"2026-02-07T18:31:09","slug":"about-2","status":"publish","type":"page","link":"https:\/\/www.gregocopeaux.fr\/index.php\/about-2\/","title":{"rendered":"Contact"},"content":{"rendered":"<h2>Me contacter<\/h2>\n<p style=\"text-align: center;\">Je suis \u00e0 votre \u00e9coute pour toute question, commande sur mesure ou collaboration autour du bois. Laissez-moi un message, je vous r\u00e9pondrai d\u00e8s que possible, entre deux coups de rabot.<br \/>\nT\u00e9l. 06 49 67 69 38<\/p>\n\n<div class=\"wpcf7 no-js\" id=\"wpcf7-f938-o1\" lang=\"fr-FR\" dir=\"ltr\" data-wpcf7-id=\"938\">\n<div class=\"screen-reader-response\"><p role=\"status\" aria-live=\"polite\" aria-atomic=\"true\"><\/p> <ul><\/ul><\/div>\n<form action=\"\/index.php\/wp-json\/wp\/v2\/pages\/53#wpcf7-f938-o1\" method=\"post\" class=\"wpcf7-form init\" aria-label=\"Formulaire de contact\" novalidate=\"novalidate\" data-status=\"init\">\n<fieldset class=\"hidden-fields-container\"><input type=\"hidden\" name=\"_wpcf7\" value=\"938\" \/><input type=\"hidden\" name=\"_wpcf7_version\" value=\"6.1.4\" \/><input type=\"hidden\" name=\"_wpcf7_locale\" value=\"fr_FR\" \/><input type=\"hidden\" name=\"_wpcf7_unit_tag\" value=\"wpcf7-f938-o1\" \/><input type=\"hidden\" name=\"_wpcf7_container_post\" value=\"0\" \/><input type=\"hidden\" name=\"_wpcf7_posted_data_hash\" value=\"\" \/>\n<\/fieldset>\n<p><label> Votre nom<br \/>\n<span class=\"wpcf7-form-control-wrap\" data-name=\"your-name\"><input size=\"40\" maxlength=\"400\" class=\"wpcf7-form-control wpcf7-text wpcf7-validates-as-required\" autocomplete=\"name\" aria-required=\"true\" aria-invalid=\"false\" value=\"\" type=\"text\" name=\"your-name\" \/><\/span> <\/label>\n<\/p>\n<p><label> Votre e-mail<br \/>\n<span class=\"wpcf7-form-control-wrap\" data-name=\"your-email\"><input size=\"40\" maxlength=\"400\" class=\"wpcf7-form-control wpcf7-email wpcf7-validates-as-required wpcf7-text wpcf7-validates-as-email\" autocomplete=\"email\" aria-required=\"true\" aria-invalid=\"false\" value=\"\" type=\"email\" name=\"your-email\" \/><\/span> <\/label>\n<\/p>\n<p><label> Votre num\u00e9ro de t\u00e9l\u00e9phone<br \/>\n<span class=\"wpcf7-form-control-wrap\" data-name=\"tel-554\"><input size=\"40\" maxlength=\"400\" class=\"wpcf7-form-control wpcf7-tel wpcf7-text wpcf7-validates-as-tel\" aria-invalid=\"false\" value=\"\" type=\"tel\" name=\"tel-554\" \/><\/span> <\/label>\n<\/p>\n<p><label> Objet<br \/>\n<span class=\"wpcf7-form-control-wrap\" data-name=\"select-856\"><select class=\"wpcf7-form-control wpcf7-select\" aria-invalid=\"false\" name=\"select-856\"><option value=\"Une cr\u00e9ation m&#039;int\u00e9resse !\">Une cr\u00e9ation m&#039;int\u00e9resse !<\/option><option value=\"Je souhaite une carte cadeau\">Je souhaite une carte cadeau<\/option><option value=\"Renseignements sur le Module d\u00e9couverte\">Renseignements sur le Module d\u00e9couverte<\/option><option value=\"R\u00e9servation sur le Module d\u00e9couverte v Renseignements sur le Module Initiation\">R\u00e9servation sur le Module d\u00e9couverte v Renseignements sur le Module Initiation<\/option><option value=\"R\u00e9servation sur le Module Initiation\">R\u00e9servation sur le Module Initiation<\/option><option value=\"Renseignements sur le Module Pack Duo\">Renseignements sur le Module Pack Duo<\/option><option value=\"R\u00e9servation sur le Module Pack Duo\">R\u00e9servation sur le Module Pack Duo<\/option><option value=\"Renseignements sur le Module Fabriquez votre stylo\">Renseignements sur le Module Fabriquez votre stylo<\/option><option value=\"R\u00e9servation sur le Module Fabriquez votre stylo\">R\u00e9servation sur le Module Fabriquez votre stylo<\/option><option value=\"Renseignements sur le Module Cr\u00e9ez votre pendule\">Renseignements sur le Module Cr\u00e9ez votre pendule<\/option><option value=\"R\u00e9servation sur le Module Cr\u00e9ez votre pendule\">R\u00e9servation sur le Module Cr\u00e9ez votre pendule<\/option><option value=\"R\u00e9paration de meuble en bois\">R\u00e9paration de meuble en bois<\/option><option value=\"Autre\">Autre<\/option><\/select><\/span> <\/label>\n<\/p>\n<p><label> Votre message (facultatif)<br \/>\n<span class=\"wpcf7-form-control-wrap\" data-name=\"your-message\"><textarea cols=\"40\" rows=\"10\" maxlength=\"2000\" class=\"wpcf7-form-control wpcf7-textarea\" aria-invalid=\"false\" name=\"your-message\"><\/textarea><\/span> <\/label>\n<\/p>\n<p><input class=\"wpcf7-form-control wpcf7-submit has-spinner\" type=\"submit\" value=\"Envoyer\" \/>\n<\/p><div class=\"wpcf7-response-output\" aria-hidden=\"true\"><\/div>\n<\/form>\n<\/div>\n\n<p><iframe style=\"border: 0;\" src=\"https:\/\/calendar.google.com\/calendar\/embed?src=6876ad4546719223c3fb5401c115c82b275a0c9a1a1b465c8eaa3b2078a2be97%40group.calendar.google.com&amp;ctz=Africa%2FCeuta\" width=\"800\" height=\"600\" frameborder=\"0\" scrolling=\"no\"><\/iframe><\/p>\n<h2>\ud83e\udeb5 Conditions de r\u00e9servation \u2013 Stage de tournage sur bois<\/h2>\n<p data-start=\"247\" data-end=\"447\">Nos stages de tournage sur bois ont une <strong data-start=\"287\" data-end=\"308\">dur\u00e9e de 3 heures<\/strong>, durant lesquelles vous d\u00e9couvrirez les gestes de base, manipulerez les outils et r\u00e9aliserez une premi\u00e8re pi\u00e8ce sous notre accompagnement.<\/p>\n<p data-start=\"449\" data-end=\"467\"><strong>\u2705 R\u00e9servation<\/strong><\/p>\n<p data-start=\"468\" data-end=\"683\">La r\u00e9servation est obligatoire. Les cr\u00e9neaux disponibles sont indiqu\u00e9s dans le calendrier ci-dessous.<br data-start=\"569\" data-end=\"572\" \/>Une fois la r\u00e9servation effectu\u00e9e, un e-mail de confirmation vous sera adress\u00e9 avec les informations pratiques.<\/p>\n<p data-start=\"685\" data-end=\"718\"><strong>\ud83d\udc55 Pr\u00e9voir une tenue adapt\u00e9e<\/strong><\/p>\n<p data-start=\"719\" data-end=\"944\">Le tournage sur bois est une activit\u00e9 manuelle qui peut g\u00e9n\u00e9rer copeaux et poussi\u00e8res :<br data-start=\"806\" data-end=\"809\" \/>merci de venir avec des <strong data-start=\"833\" data-end=\"902\">v\u00eatements confortables, non fragiles, et susceptibles de se salir<\/strong>. Les cheveux longs doivent \u00eatre attach\u00e9s.<\/p>\n<p data-start=\"946\" data-end=\"971\"><strong>\ud83d\udeab Enfants de moins de 14 ans non admis<\/strong><\/p>\n<p data-start=\"972\" data-end=\"1156\">Par mesure de s\u00e9curit\u00e9, <strong data-start=\"996\" data-end=\"1032\">les enfants ne sont pas accept\u00e9s<\/strong>, m\u00eame en tant qu&rsquo;accompagnants. L&rsquo;atelier contient des machines en fonctionnement et du mat\u00e9riel potentiellement dangereux.<\/p>\n","protected":false},"excerpt":{"rendered":"<p>Me contacter Je suis \u00e0 votre \u00e9coute pour toute question, commande sur mesure ou collaboration autour du bois. Laissez-moi un message, je vous r\u00e9pondrai d\u00e8s que possible, entre deux coups de rabot. T\u00e9l. 06 49 67 69 38 \ud83e\udeb5 Conditions de r\u00e9servation \u2013 Stage de tournage sur bois Nos stages de tournage sur bois ont [&hellip;]<\/p>\n","protected":false},"author":1,"featured_media":0,"parent":0,"menu_order":0,"comment_status":"closed","ping_status":"closed","template":"","meta":{"_seopress_robots_primary_cat":"","_seopress_titles_title":"Me contacter","_seopress_titles_desc":"Me contacter Je suis \u00e0 votre \u00e9coute pour toute question, commande sur mesure ou collaboration autour du bois. Laissez-moi un message, je vous r\u00e9pondrai d\u00e8s que possible, entre deux coups de rabot. T\u00e9l. 06 49 67 69 38","_seopress_robots_index":"","footnotes":""},"class_list":["post-53","page","type-page","status-publish","hentry"],"_links":{"self":[{"href":"https:\/\/www.gregocopeaux.fr\/index.php\/wp-json\/wp\/v2\/pages\/53","targetHints":{"allow":["GET"]}}],"collection":[{"href":"https:\/\/www.gregocopeaux.fr\/index.php\/wp-json\/wp\/v2\/pages"}],"about":[{"href":"https:\/\/www.gregocopeaux.fr\/index.php\/wp-json\/wp\/v2\/types\/page"}],"author":[{"embeddable":true,"href":"https:\/\/www.gregocopeaux.fr\/index.php\/wp-json\/wp\/v2\/users\/1"}],"replies":[{"embeddable":true,"href":"https:\/\/www.gregocopeaux.fr\/index.php\/wp-json\/wp\/v2\/comments?post=53"}],"version-history":[{"count":304,"href":"https:\/\/www.gregocopeaux.fr\/index.php\/wp-json\/wp\/v2\/pages\/53\/revisions"}],"predecessor-version":[{"id":1324,"href":"https:\/\/www.gregocopeaux.fr\/index.php\/wp-json\/wp\/v2\/pages\/53\/revisions\/1324"}],"wp:attachment":[{"href":"https:\/\/www.gregocopeaux.fr\/index.php\/wp-json\/wp\/v2\/media?parent=53"}],"curies":[{"name":"wp","href":"https:\/\/api.w.org\/{rel}","templated":true}]}}